{"id":2181,"date":"2025-05-15T09:28:52","date_gmt":"2025-05-15T07:28:52","guid":{"rendered":"https:\/\/www.lesaillos.eu\/geest-naturisme-camping\/"},"modified":"2025-09-25T12:18:22","modified_gmt":"2025-09-25T10:18:22","slug":"geest-naturisme-camping","status":"publish","type":"page","link":"https:\/\/www.lesaillos.eu\/nl\/geest-naturisme-camping\/","title":{"rendered":"De naturistengeest"},"content":{"rendered":"<section id=\"ls-section-block_e62be538c95f3a56bc8fd5ae43064595\" class=\"ls-section  page-titre\" >\r\n        <div class=\"container container--wide\">\r\n        \n\n<h1 class=\"ls__heading wp-block-heading has-text-align-center has-color-3-color has-text-color has-link-color wp-elements-e044546b946a7dc3fcfb4479a4d81f67\"><strong>De geest van naturisme<\/strong> <br\/>op onze camping in Occitanie<\/h1>\n\n\n\n<div class=\"illustration-tournesol\"> <i class=\"aillos-ligne-petite\"><\/i> <i class=\"aillos-tournesol\"><\/i> <i class=\"aillos-ligne-petite\"><\/i> <\/div>\n\n\r\n    <\/div>\r\n<\/section><section id=\"ls-section-block_7ea324f9dcf9148db613d8bfd84220ba\" class=\"ls-section  home-sixth page-one\" >\r\n        <div class=\"container container--full\">\r\n        \n\n<div class=\"wp-block-columns first is-layout-flex wp-container-core-columns-is-layout-9d6595d7 wp-block-columns-is-layout-flex\">\n<div class=\"wp-block-column text is-layout-flow wp-block-column-is-layout-flow\" style=\"flex-basis:52.5%\">\n<h2 class=\"ls__heading wp-block-heading has-color-3-color has-text-color has-link-color wp-elements-9607a729771ff04a3ec87e326061fad0\"><strong>Beleef naturisme in alle vrijheid<\/strong> <br\/>en discretie op onze camping<\/h2>\n\n\n\n<p class=\"ls-paragraph\">Op onze naturistencamping in de buurt van Toulouse zal je verblijf <strong>eenvoudig<\/strong>, <strong>respectvol <\/strong>en <strong>vriendelijk<\/strong> zijn. Genesteld in een vredige natuurlijke omgeving is onze camping de ideale plek om te genieten van de voordelen van naturisme, ver weg van de drukte en de blikken van anderen. Hier ben je vrij om jezelf te zijn, in alle rust, in een ongerepte omgeving die ideaal is voor <strong>verjonging<\/strong>.  <\/p>\n\n\n\n<p class=\"ls-paragraph\">Wij ontvangen een familiaire naturistische client\u00e8le, die de waarden van zelfrespect, respect voor anderen en respect voor de natuur hoog in het vaandel heeft staan. De camping is voor iedereen die op zoek is naar een vriendelijke, serene en verzorgde plek om zijn vakantie door te brengen, waar iedereen in alle discretie en authenticiteit naturisme kan beoefenen. <\/p>\n<\/div>\n\n\n\n<div class=\"wp-block-column is-layout-flow wp-block-column-is-layout-flow\" style=\"flex-basis:47.5%\">\n<figure class=\"wp-block-gallery has-nested-images columns-default is-cropped wp-block-gallery-1 is-layout-flex wp-block-gallery-is-layout-flex\">\n<figure class=\"wp-block-image size-full\"><img decoding=\"async\" width=\"829\" height=\"620\" data-id=\"1844\" src=\"https:\/\/www.lesaillos.eu\/wp-content\/uploads\/2025\/06\/vivez-le-naturisme-en-toute-liberte-et-discretion-dans-notre-camping.jpg\" alt=\"beleef naturisme in alle vrijheid en discretie op onze camping\" class=\"wp-image-1844\" srcset=\"https:\/\/www.lesaillos.eu\/wp-content\/uploads\/2025\/06\/vivez-le-naturisme-en-toute-liberte-et-discretion-dans-notre-camping.jpg 829w, https:\/\/www.lesaillos.eu\/wp-content\/uploads\/2025\/06\/vivez-le-naturisme-en-toute-liberte-et-discretion-dans-notre-camping-300x224.jpg 300w, https:\/\/www.lesaillos.eu\/wp-content\/uploads\/2025\/06\/vivez-le-naturisme-en-toute-liberte-et-discretion-dans-notre-camping-768x574.jpg 768w\" sizes=\"(max-width: 829px) 100vw, 829px\" \/><\/figure>\n\n\n\n<figure class=\"wp-block-image size-full\"><img decoding=\"async\" width=\"829\" height=\"620\" data-id=\"1847\" src=\"https:\/\/www.lesaillos.eu\/wp-content\/uploads\/2025\/06\/clientele-naturiste-familiale.jpg\" alt=\"naturisten familie\" class=\"wp-image-1847\" srcset=\"https:\/\/www.lesaillos.eu\/wp-content\/uploads\/2025\/06\/clientele-naturiste-familiale.jpg 829w, https:\/\/www.lesaillos.eu\/wp-content\/uploads\/2025\/06\/clientele-naturiste-familiale-300x224.jpg 300w, https:\/\/www.lesaillos.eu\/wp-content\/uploads\/2025\/06\/clientele-naturiste-familiale-768x574.jpg 768w\" sizes=\"(max-width: 829px) 100vw, 829px\" \/><\/figure>\n\n\n\n<figure class=\"wp-block-image size-full\"><img decoding=\"async\" width=\"829\" height=\"620\" data-id=\"1850\" src=\"https:\/\/www.lesaillos.eu\/wp-content\/uploads\/2025\/06\/l-esprit-du-naturisme-dans-notre-camping-en-occitanie.jpg\" alt=\"de geest van naturisme op onze camping in occitani&#xEB;\" class=\"wp-image-1850\" srcset=\"https:\/\/www.lesaillos.eu\/wp-content\/uploads\/2025\/06\/l-esprit-du-naturisme-dans-notre-camping-en-occitanie.jpg 829w, https:\/\/www.lesaillos.eu\/wp-content\/uploads\/2025\/06\/l-esprit-du-naturisme-dans-notre-camping-en-occitanie-300x224.jpg 300w, https:\/\/www.lesaillos.eu\/wp-content\/uploads\/2025\/06\/l-esprit-du-naturisme-dans-notre-camping-en-occitanie-768x574.jpg 768w\" sizes=\"(max-width: 829px) 100vw, 829px\" \/><\/figure>\n<\/figure>\n<\/div>\n<\/div>\n\n\r\n    <\/div>\r\n<\/section><section id=\"ls-section-block_f7256617dcaf479f4e8f8ca0821c8ba5\" class=\"ls-section  home-third page-two\" >\r\n        <div class=\"container container--full\">\r\n        \n\n<div class=\"wp-block-columns wp-block-columns__text is-layout-flex wp-container-core-columns-is-layout-9d6595d7 wp-block-columns-is-layout-flex\">\n<div class=\"wp-block-column is-layout-flow wp-block-column-is-layout-flow\">\n<div class=\"illustration-tournesol\"> <i class=\"aillos-ligne-petite\"><\/i> <i class=\"aillos-tournesol\"><\/i> <i class=\"aillos-ligne-petite\"><\/i> <\/div>\n\n\n\n<h2 class=\"ls__heading wp-block-heading has-text-align-center has-color-3-color has-text-color has-link-color wp-elements-0b540bb288400a579bec4c7019407bda\">Ons handvest voor goede naturistenpraktijken <br\/>bij Toulouse<\/h2>\n\n\n\n<p class=\"ls-paragraph has-text-align-center\">De naturistische geest is ook een gedeelde manier van leven. Les Aillos houdt zich aan de principes van de <strong>F\u00e9d\u00e9ration Fran\u00e7aise de Naturisme (FFN)<\/strong> en respecteert haar handvest. Het handvest bevat enkele eenvoudige maar essenti\u00eble regels om een harmonieuze sfeer te garanderen: hygi\u00ebne, respect voor naaktheid in de gemeenschappelijke ruimtes van onze camping met naturistische waarden in Occitani\u00eb, tolerantie en de afwezigheid van ongepast gedrag.  <\/p>\n\n\n\n<p class=\"ls-paragraph has-text-align-center\">Een exemplaar van dit handvest ligt ter inzage bij de receptie van onze <a href=\"https:\/\/www.lesaillos.eu\/nl\/\">naturistencamping in Occitanie<\/a>, en we blijven tot uw beschikking voor al uw vragen. Het is er om een geruststellend kader te bieden en tegelijkertijd de vrijheid van zijn aan te moedigen. <\/p>\n<\/div>\n<\/div>\n\n\r\n    <\/div>\r\n<\/section><section id=\"ls-section-block_a83da07d2b5c83c362bfc05336e2408e\" class=\"ls-section  home-sixth page-one has-background has-color-5-background-color\" >\r\n        <div class=\"container container--full\">\r\n        \n\n<div class=\"wp-block-columns first is-layout-flex wp-container-core-columns-is-layout-9d6595d7 wp-block-columns-is-layout-flex\">\n<div class=\"wp-block-column is-layout-flow wp-block-column-is-layout-flow\" style=\"flex-basis:47.5%\">\n<figure class=\"wp-block-gallery has-nested-images columns-default is-cropped wp-block-gallery-2 is-layout-flex wp-block-gallery-is-layout-flex\">\n<figure class=\"wp-block-image size-full\"><img decoding=\"async\" width=\"829\" height=\"620\" data-id=\"1853\" src=\"https:\/\/www.lesaillos.eu\/wp-content\/uploads\/2025\/06\/naturisme-tv.jpg\" alt=\"naturisme tv\" class=\"wp-image-1853\" srcset=\"https:\/\/www.lesaillos.eu\/wp-content\/uploads\/2025\/06\/naturisme-tv.jpg 829w, https:\/\/www.lesaillos.eu\/wp-content\/uploads\/2025\/06\/naturisme-tv-300x224.jpg 300w, https:\/\/www.lesaillos.eu\/wp-content\/uploads\/2025\/06\/naturisme-tv-768x574.jpg 768w\" sizes=\"(max-width: 829px) 100vw, 829px\" \/><\/figure>\n\n\n\n<figure class=\"wp-block-image size-full\"><img decoding=\"async\" width=\"829\" height=\"620\" data-id=\"1856\" src=\"https:\/\/www.lesaillos.eu\/wp-content\/uploads\/2025\/06\/partenaires-et-associations-du-camping-naturiste.jpg\" alt=\"partners en verenigingen van naturistencampings\" class=\"wp-image-1856\" srcset=\"https:\/\/www.lesaillos.eu\/wp-content\/uploads\/2025\/06\/partenaires-et-associations-du-camping-naturiste.jpg 829w, https:\/\/www.lesaillos.eu\/wp-content\/uploads\/2025\/06\/partenaires-et-associations-du-camping-naturiste-300x224.jpg 300w, https:\/\/www.lesaillos.eu\/wp-content\/uploads\/2025\/06\/partenaires-et-associations-du-camping-naturiste-768x574.jpg 768w\" sizes=\"(max-width: 829px) 100vw, 829px\" \/><\/figure>\n<\/figure>\n<\/div>\n\n\n\n<div class=\"wp-block-column text is-layout-flow wp-block-column-is-layout-flow\" style=\"flex-basis:52.5%\">\n<h2 class=\"ls__heading wp-block-heading has-color-3-color has-text-color has-link-color wp-elements-e3568213a5776753261b4218db2cdda1\">Partners en verenigingen <br\/>naturistencamping<\/h2>\n\n\n\n<p class=\"ls-paragraph\">We zijn actief lid van de <a href=\"https:\/\/www.ffn2025.ffn-naturisme.com\/\" target=\"_blank\" rel=\"noreferrer noopener\">F\u00e9d\u00e9ration Fran\u00e7aise de Naturisme<\/a> en onze camping staat ook vermeld op <a href=\"https:\/\/www.naturisme.fr\/\" target=\"_blank\" rel=\"noreferrer noopener\">Naturisme.fr<\/a>, de referentiewebsite voor naturistenvakanties in Frankrijk. Je kunt onze waarden ook in beelden ontdekken dankzij <strong>Naturisme TV<\/strong>, waar je reportages en getuigenissen van vakantiegangers kunt bekijken. <\/p>\n\n\n\n<p class=\"ls-paragraph\">Deze partnerschappen versterken ons engagement om je een kwaliteitsvolle naturistenvakantie aan te bieden in een gezonde, warme en authentieke omgeving op onze camping in de buurt van Toulouse, waar de naturistische geest en waarden centraal staan in onze filosofie.<\/p>\n<\/div>\n<\/div>\n\n\r\n    <\/div>\r\n<\/section><section id=\"ls-section-block_4042765c1159854f61e674de1725579b\" class=\"ls-section  page-cta\" >\r\n        <div class=\"container container--wide\">\r\n        \n\n<div id=\"ls-heading ls-titre-div-block_530a2323d31555f0536ec65e5d34d7d8\" class=\"ls-titre-div aligncenter h2-like has-text-color has-color-3-color\" >\n    Ontdek onze naturistencamping<\/div>\n\n\n<div id=\"ls-maillage-block_348092d2bc1388798f5eec28a008f3de\" class=\"ls-maillage cta-style-normal\" data-rows=\"3\">\r\n    <div class=\"wp-block-columns\"><div class=\"wp-block-column\">\n\n<a href=\"https:\/\/www.lesaillos.eu\/nl\/diensten-naturistencamping-caraman\/\" target=\"\" rel=\"noopener\" class=\"ls-cta__link\" data-categ=\"\">\n\t<div class=\"ls-cta__image\"><img decoding=\"async\" src=\"https:\/\/www.lesaillos.eu\/wp-content\/uploads\/2025\/10\/services-2.jpg\" alt=\"services 2\"><\/div>\n\t<div class=\"ls-cta__title\">\n\t\t<span>\n\t\t\tDe diensten\t\t<\/span>\n\t\t<i class=\"aillos-colonne\"><\/i>\n\t<\/div>\n\n\t<\/a><\/div><div class=\"wp-block-column\">\n\n<a href=\"https:\/\/www.lesaillos.eu\/nl\/naturistencamping-activiteiten-caraman\/\" target=\"\" rel=\"noopener\" class=\"ls-cta__link\" data-categ=\"\">\n\t<div class=\"ls-cta__image\"><img decoding=\"async\" src=\"https:\/\/www.lesaillos.eu\/wp-content\/uploads\/2025\/06\/braseo-camping-naturiste-les-aillos.jpg\" alt=\"naturistencamping braseo les aillos\"><\/div>\n\t<div class=\"ls-cta__title\">\n\t\t<span>\n\t\t\tActiviteiten\t\t<\/span>\n\t\t<i class=\"aillos-colonne\"><\/i>\n\t<\/div>\n\n\t<\/a><\/div><div class=\"wp-block-column\">\n\n<a href=\"https:\/\/www.lesaillos.eu\/nl\/naturistencamping-met-zwembad-caraman\/\" target=\"\" rel=\"noopener\" class=\"ls-cta__link\" data-categ=\"\">\n\t<div class=\"ls-cta__image\"><img decoding=\"async\" src=\"https:\/\/www.lesaillos.eu\/wp-content\/uploads\/2025\/06\/camping-naturiste-piscine-chauffee-caraman-cta.jpg\" alt=\"naturistencamping verwarmd zwembad caraman\"><\/div>\n\t<div class=\"ls-cta__title\">\n\t\t<span>\n\t\t\tHet zwembad\t\t<\/span>\n\t\t<i class=\"aillos-colonne\"><\/i>\n\t<\/div>\n\n\t<\/a><\/div><\/div><\/div>\n\r\n    <\/div>\r\n<\/section>","protected":false},"excerpt":{"rendered":"","protected":false},"author":1,"featured_media":1838,"parent":0,"menu_order":0,"comment_status":"closed","ping_status":"closed","template":"","meta":{"_acf_changed":false,"footnotes":""},"sujet":[],"class_list":["post-2181","page","type-page","status-publish","has-post-thumbnail","hentry"],"acf":[],"yoast_head":"<!-- This site is optimized with the Yoast SEO plugin v26.1.1 - https:\/\/yoast.com\/wordpress\/plugins\/seo\/ -->\n<title>De naturistische sfeer op onze camping bij Toulouse<\/title>\n<meta name=\"description\" content=\"Beleef de naturistische sfeer op camping Les Aillos in Caraman, vlakbij Toulouse: gezelligheid, respect voor de natuur en ontspanning in een groene omgeving in het zuidwesten voor een rustige vakantie.\" \/>\n<meta name=\"robots\" content=\"index, follow, max-snippet:-1, max-image-preview:large, max-video-preview:-1\" \/>\n<link rel=\"canonical\" href=\"https:\/\/www.lesaillos.eu\/nl\/geest-naturisme-camping\/\" \/>\n<meta property=\"og:locale\" content=\"nl_NL\" \/>\n<meta property=\"og:type\" content=\"article\" \/>\n<meta property=\"og:title\" content=\"De naturistische sfeer op onze camping bij Toulouse\" \/>\n<meta property=\"og:description\" content=\"Beleef de naturistische sfeer op camping Les Aillos in Caraman, vlakbij Toulouse: gezelligheid, respect voor de natuur en ontspanning in een groene omgeving in het zuidwesten voor een rustige vakantie.\" \/>\n<meta property=\"og:url\" content=\"https:\/\/www.lesaillos.eu\/nl\/geest-naturisme-camping\/\" \/>\n<meta property=\"og:site_name\" content=\"Camping Les Aillos\" \/>\n<meta property=\"article:modified_time\" content=\"2025-09-25T10:18:22+00:00\" \/>\n<meta property=\"og:image\" content=\"https:\/\/www.lesaillos.eu\/wp-content\/uploads\/2025\/06\/camping-esprit-naturiste-caraman.jpg\" \/>\n\t<meta property=\"og:image:width\" content=\"1920\" \/>\n\t<meta property=\"og:image:height\" content=\"544\" \/>\n\t<meta property=\"og:image:type\" content=\"image\/jpeg\" \/>\n<meta name=\"twitter:card\" content=\"summary_large_image\" \/>\n<meta name=\"twitter:label1\" content=\"Geschatte leestijd\" \/>\n\t<meta name=\"twitter:data1\" content=\"2 minuten\" \/>\n<script type=\"application\/ld+json\" class=\"yoast-schema-graph\">{\"@context\":\"https:\/\/schema.org\",\"@graph\":[{\"@type\":\"WebPage\",\"@id\":\"https:\/\/www.lesaillos.eu\/nl\/geest-naturisme-camping\/\",\"url\":\"https:\/\/www.lesaillos.eu\/nl\/geest-naturisme-camping\/\",\"name\":\"De naturistische sfeer op onze camping bij Toulouse\",\"isPartOf\":{\"@id\":\"https:\/\/www.lesaillos.eu\/nl\/#website\"},\"primaryImageOfPage\":{\"@id\":\"https:\/\/www.lesaillos.eu\/nl\/geest-naturisme-camping\/#primaryimage\"},\"image\":{\"@id\":\"https:\/\/www.lesaillos.eu\/nl\/geest-naturisme-camping\/#primaryimage\"},\"thumbnailUrl\":\"https:\/\/www.lesaillos.eu\/wp-content\/uploads\/2025\/06\/camping-esprit-naturiste-caraman.jpg\",\"datePublished\":\"2025-05-15T07:28:52+00:00\",\"dateModified\":\"2025-09-25T10:18:22+00:00\",\"description\":\"Beleef de naturistische sfeer op camping Les Aillos in Caraman, vlakbij Toulouse: gezelligheid, respect voor de natuur en ontspanning in een groene omgeving in het zuidwesten voor een rustige vakantie.\",\"breadcrumb\":{\"@id\":\"https:\/\/www.lesaillos.eu\/nl\/geest-naturisme-camping\/#breadcrumb\"},\"inLanguage\":\"nl-NL\",\"potentialAction\":[{\"@type\":\"ReadAction\",\"target\":[\"https:\/\/www.lesaillos.eu\/nl\/geest-naturisme-camping\/\"]}]},{\"@type\":\"ImageObject\",\"inLanguage\":\"nl-NL\",\"@id\":\"https:\/\/www.lesaillos.eu\/nl\/geest-naturisme-camping\/#primaryimage\",\"url\":\"https:\/\/www.lesaillos.eu\/wp-content\/uploads\/2025\/06\/camping-esprit-naturiste-caraman.jpg\",\"contentUrl\":\"https:\/\/www.lesaillos.eu\/wp-content\/uploads\/2025\/06\/camping-esprit-naturiste-caraman.jpg\",\"width\":1920,\"height\":544,\"caption\":\"camping naturistencamping caraman\"},{\"@type\":\"BreadcrumbList\",\"@id\":\"https:\/\/www.lesaillos.eu\/nl\/geest-naturisme-camping\/#breadcrumb\",\"itemListElement\":[{\"@type\":\"ListItem\",\"position\":1,\"name\":\"Naturistenvakantie Toulouse\",\"item\":\"https:\/\/www.lesaillos.eu\/nl\/\"},{\"@type\":\"ListItem\",\"position\":2,\"name\":\"Beste praktijken en partners op onze camping bij Toulouse\"}]},{\"@type\":\"WebSite\",\"@id\":\"https:\/\/www.lesaillos.eu\/nl\/#website\",\"url\":\"https:\/\/www.lesaillos.eu\/nl\/\",\"name\":\"Camping Les Aillos\",\"description\":\"\",\"publisher\":{\"@id\":\"https:\/\/www.lesaillos.eu\/nl\/#organization\"},\"potentialAction\":[{\"@type\":\"SearchAction\",\"target\":{\"@type\":\"EntryPoint\",\"urlTemplate\":\"https:\/\/www.lesaillos.eu\/nl\/?s={search_term_string}\"},\"query-input\":{\"@type\":\"PropertyValueSpecification\",\"valueRequired\":true,\"valueName\":\"search_term_string\"}}],\"inLanguage\":\"nl-NL\"},{\"@type\":\"Organization\",\"@id\":\"https:\/\/www.lesaillos.eu\/nl\/#organization\",\"name\":\"Camping Les Aillos\",\"url\":\"https:\/\/www.lesaillos.eu\/nl\/\",\"logo\":{\"@type\":\"ImageObject\",\"inLanguage\":\"nl-NL\",\"@id\":\"https:\/\/www.lesaillos.eu\/nl\/#\/schema\/logo\/image\/\",\"url\":\"https:\/\/www.lesaillos.eu\/wp-content\/uploads\/2025\/05\/logo-camping-les-aillos.png\",\"contentUrl\":\"https:\/\/www.lesaillos.eu\/wp-content\/uploads\/2025\/05\/logo-camping-les-aillos.png\",\"width\":517,\"height\":267,\"caption\":\"Camping Les Aillos\"},\"image\":{\"@id\":\"https:\/\/www.lesaillos.eu\/nl\/#\/schema\/logo\/image\/\"}}]}<\/script>\n<!-- \/ Yoast SEO plugin. -->","yoast_head_json":{"title":"De naturistische sfeer op onze camping bij Toulouse","description":"Beleef de naturistische sfeer op camping Les Aillos in Caraman, vlakbij Toulouse: gezelligheid, respect voor de natuur en ontspanning in een groene omgeving in het zuidwesten voor een rustige vakantie.","robots":{"index":"index","follow":"follow","max-snippet":"max-snippet:-1","max-image-preview":"max-image-preview:large","max-video-preview":"max-video-preview:-1"},"canonical":"https:\/\/www.lesaillos.eu\/nl\/geest-naturisme-camping\/","og_locale":"nl_NL","og_type":"article","og_title":"De naturistische sfeer op onze camping bij Toulouse","og_description":"Beleef de naturistische sfeer op camping Les Aillos in Caraman, vlakbij Toulouse: gezelligheid, respect voor de natuur en ontspanning in een groene omgeving in het zuidwesten voor een rustige vakantie.","og_url":"https:\/\/www.lesaillos.eu\/nl\/geest-naturisme-camping\/","og_site_name":"Camping Les Aillos","article_modified_time":"2025-09-25T10:18:22+00:00","og_image":[{"width":1920,"height":544,"url":"https:\/\/www.lesaillos.eu\/wp-content\/uploads\/2025\/06\/camping-esprit-naturiste-caraman.jpg","type":"image\/jpeg"}],"twitter_card":"summary_large_image","twitter_misc":{"Geschatte leestijd":"2 minuten"},"schema":{"@context":"https:\/\/schema.org","@graph":[{"@type":"WebPage","@id":"https:\/\/www.lesaillos.eu\/nl\/geest-naturisme-camping\/","url":"https:\/\/www.lesaillos.eu\/nl\/geest-naturisme-camping\/","name":"De naturistische sfeer op onze camping bij Toulouse","isPartOf":{"@id":"https:\/\/www.lesaillos.eu\/nl\/#website"},"primaryImageOfPage":{"@id":"https:\/\/www.lesaillos.eu\/nl\/geest-naturisme-camping\/#primaryimage"},"image":{"@id":"https:\/\/www.lesaillos.eu\/nl\/geest-naturisme-camping\/#primaryimage"},"thumbnailUrl":"https:\/\/www.lesaillos.eu\/wp-content\/uploads\/2025\/06\/camping-esprit-naturiste-caraman.jpg","datePublished":"2025-05-15T07:28:52+00:00","dateModified":"2025-09-25T10:18:22+00:00","description":"Beleef de naturistische sfeer op camping Les Aillos in Caraman, vlakbij Toulouse: gezelligheid, respect voor de natuur en ontspanning in een groene omgeving in het zuidwesten voor een rustige vakantie.","breadcrumb":{"@id":"https:\/\/www.lesaillos.eu\/nl\/geest-naturisme-camping\/#breadcrumb"},"inLanguage":"nl-NL","potentialAction":[{"@type":"ReadAction","target":["https:\/\/www.lesaillos.eu\/nl\/geest-naturisme-camping\/"]}]},{"@type":"ImageObject","inLanguage":"nl-NL","@id":"https:\/\/www.lesaillos.eu\/nl\/geest-naturisme-camping\/#primaryimage","url":"https:\/\/www.lesaillos.eu\/wp-content\/uploads\/2025\/06\/camping-esprit-naturiste-caraman.jpg","contentUrl":"https:\/\/www.lesaillos.eu\/wp-content\/uploads\/2025\/06\/camping-esprit-naturiste-caraman.jpg","width":1920,"height":544,"caption":"camping naturistencamping caraman"},{"@type":"BreadcrumbList","@id":"https:\/\/www.lesaillos.eu\/nl\/geest-naturisme-camping\/#breadcrumb","itemListElement":[{"@type":"ListItem","position":1,"name":"Naturistenvakantie Toulouse","item":"https:\/\/www.lesaillos.eu\/nl\/"},{"@type":"ListItem","position":2,"name":"Beste praktijken en partners op onze camping bij Toulouse"}]},{"@type":"WebSite","@id":"https:\/\/www.lesaillos.eu\/nl\/#website","url":"https:\/\/www.lesaillos.eu\/nl\/","name":"Camping Les Aillos","description":"","publisher":{"@id":"https:\/\/www.lesaillos.eu\/nl\/#organization"},"potentialAction":[{"@type":"SearchAction","target":{"@type":"EntryPoint","urlTemplate":"https:\/\/www.lesaillos.eu\/nl\/?s={search_term_string}"},"query-input":{"@type":"PropertyValueSpecification","valueRequired":true,"valueName":"search_term_string"}}],"inLanguage":"nl-NL"},{"@type":"Organization","@id":"https:\/\/www.lesaillos.eu\/nl\/#organization","name":"Camping Les Aillos","url":"https:\/\/www.lesaillos.eu\/nl\/","logo":{"@type":"ImageObject","inLanguage":"nl-NL","@id":"https:\/\/www.lesaillos.eu\/nl\/#\/schema\/logo\/image\/","url":"https:\/\/www.lesaillos.eu\/wp-content\/uploads\/2025\/05\/logo-camping-les-aillos.png","contentUrl":"https:\/\/www.lesaillos.eu\/wp-content\/uploads\/2025\/05\/logo-camping-les-aillos.png","width":517,"height":267,"caption":"Camping Les Aillos"},"image":{"@id":"https:\/\/www.lesaillos.eu\/nl\/#\/schema\/logo\/image\/"}}]}},"_links":{"self":[{"href":"https:\/\/www.lesaillos.eu\/nl\/wp-json\/wp\/v2\/pages\/2181","targetHints":{"allow":["GET"]}}],"collection":[{"href":"https:\/\/www.lesaillos.eu\/nl\/wp-json\/wp\/v2\/pages"}],"about":[{"href":"https:\/\/www.lesaillos.eu\/nl\/wp-json\/wp\/v2\/types\/page"}],"author":[{"embeddable":true,"href":"https:\/\/www.lesaillos.eu\/nl\/wp-json\/wp\/v2\/users\/1"}],"replies":[{"embeddable":true,"href":"https:\/\/www.lesaillos.eu\/nl\/wp-json\/wp\/v2\/comments?post=2181"}],"version-history":[{"count":1,"href":"https:\/\/www.lesaillos.eu\/nl\/wp-json\/wp\/v2\/pages\/2181\/revisions"}],"predecessor-version":[{"id":2182,"href":"https:\/\/www.lesaillos.eu\/nl\/wp-json\/wp\/v2\/pages\/2181\/revisions\/2182"}],"wp:featuredmedia":[{"embeddable":true,"href":"https:\/\/www.lesaillos.eu\/nl\/wp-json\/wp\/v2\/media\/1838"}],"wp:attachment":[{"href":"https:\/\/www.lesaillos.eu\/nl\/wp-json\/wp\/v2\/media?parent=2181"}],"wp:term":[{"taxonomy":"sujet","embeddable":true,"href":"https:\/\/www.lesaillos.eu\/nl\/wp-json\/wp\/v2\/sujet?post=2181"}],"curies":[{"name":"wp","href":"https:\/\/api.w.org\/{rel}","templated":true}]}}