{"id":6951,"date":"2025-09-25T16:21:02","date_gmt":"2025-09-25T14:21:02","guid":{"rendered":"https:\/\/www.lesaillos.eu\/reviews\/"},"modified":"2025-10-09T10:07:56","modified_gmt":"2025-10-09T08:07:56","slug":"reviews","status":"publish","type":"page","link":"https:\/\/www.lesaillos.eu\/en\/reviews\/","title":{"rendered":"Reviews"},"content":{"rendered":"<section id=\"ls-section-block_a6c4f11bd1a768c1d2f4419706f968b3\" class=\"ls-section  page-titre has-m-b m-b-6 has-p-b p-b-15\" >\r\n        <div class=\"container container--wide\">\r\n        \n\n<h1 class=\"ls__heading wp-block-heading has-text-align-center has-color-3-color has-text-color has-link-color wp-elements-6984f192be6224e3165877a9427fd44c\">Reviews from our campers<\/h1>\n\n\n\n<div class=\"illustration-tournesol\"> <i class=\"aillos-ligne-petite\"><\/i> <i class=\"aillos-tournesol\"><\/i> <i class=\"aillos-ligne-petite\"><\/i> <\/div>\n\n\n\n<div style=\"height:50px\" aria-hidden=\"true\" class=\"wp-block-spacer\"><\/div>\n\n\n<div class=\"gs-crs-container\"><div class=\"gs-crs-column gs-crs-column-30\">        <div class=\"gs-badge\" style=\"background: #ffffff; border: 1px solid #dedede; border-radius: 8px;\">\n            <div class=\"gs-header\">\n                <div class=\"gs-establishment-name\">\n                    <span style=\"color:#583e31\">Camping Les Aillos<\/span>                <\/div>\n            <\/div>\n            <div class=\"gs-rating\">\n                <span class=\"gs-big-number\" style=\"color: #583e31\">4.5\/5<\/span>\n                <span class=\"gs-total-reviews\" style=\"color: #583e31\">310 reviews<\/span>\n            <\/div>\n            <div class=\"gs-stars\">\n                <div class=\"gs-stars\"><div class=\"gs-star-rating\"><span class=\"screen-reader-text\">4.5 rating based on 310 rating<\/span><div class=\"star star-full\" style=\"color:#f19200\" aria-hidden=\"true\"><\/div><div class=\"star star-full\" style=\"color:#f19200\" aria-hidden=\"true\"><\/div><div class=\"star star-full\" style=\"color:#f19200\" aria-hidden=\"true\"><\/div><div class=\"star star-full\" style=\"color:#f19200\" aria-hidden=\"true\"><\/div><div class=\"star star-half\" style=\"color:#f19200\" aria-hidden=\"true\"><\/div><\/div><\/div>            <\/div>\n                    <\/div>\n\n    <div class=\"gs_ranking-wrapper\" style=\"background:#ffffff; border: 1px solid #dedede; border-radius: 8px;\">\n        <div class=\"gs-ranking-container\">\n            <div class=\"gs-row\">\n                <div class=\"gs-col-md-12\">\n                    <div class=\"gs_rating-review-item\">\n                        <div class=\"gs-right-rating\">\n                            <ul class=\"order-list\">\n                                <li style=\"margin-left:0;\"><div class=\"gs-rating-row\"><div class=\"gs-star-value\"><span class=\"gs_ranking_label_rate\" style=\"color: #583e31\">5<\/span><span style=\"color: #583e31\"><\/span><span class=\"dashicons gs_dashicon_ranking_star dashicons-star-filled\" style=\"color: #f19200\"><\/span><\/div><div class=\"progress gs_progressbar\"><div class=\"gs-custom-progress-bar pbar-5 bg-success\" role=\"progressbar\"\n                    style=\"border-color:#f19200; width: 72%\" aria-valuenow=\"72\" aria-valuemin=\"0\"\n                    aria-valuemax=\"100\"><\/div><\/div><span class=\"gs-rating-hit\" style=\"color: #583e31\">223 reviews<\/span><\/div><\/li><li style=\"margin-left:0;\"><div class=\"gs-rating-row\"><div class=\"gs-star-value\"><span class=\"gs_ranking_label_rate\" style=\"color: #583e31\">4<\/span><span style=\"color: #583e31\"><\/span><span class=\"dashicons gs_dashicon_ranking_star dashicons-star-filled\" style=\"color: #f19200\"><\/span><\/div><div class=\"progress gs_progressbar\"><div class=\"gs-custom-progress-bar pbar-4 bg-success\" role=\"progressbar\"\n                    style=\"border-color:#f19200; width: 25%\" aria-valuenow=\"25\" aria-valuemin=\"0\"\n                    aria-valuemax=\"100\"><\/div><\/div><span class=\"gs-rating-hit\" style=\"color: #583e31\">77 reviews<\/span><\/div><\/li><li style=\"margin-left:0;\"><div class=\"gs-rating-row\"><div class=\"gs-star-value\"><span class=\"gs_ranking_label_rate\" style=\"color: #583e31\">3<\/span><span style=\"color: #583e31\"><\/span><span class=\"dashicons gs_dashicon_ranking_star dashicons-star-filled\" style=\"color: #f19200\"><\/span><\/div><div class=\"progress gs_progressbar\"><div class=\"gs-custom-progress-bar pbar-3 bg-success\" role=\"progressbar\"\n                    style=\"border-color:#f19200; width: 3%\" aria-valuenow=\"3\" aria-valuemin=\"0\"\n                    aria-valuemax=\"100\"><\/div><\/div><span class=\"gs-rating-hit\" style=\"color: #583e31\">8 reviews<\/span><\/div><\/li><li style=\"margin-left:0;\"><div class=\"gs-rating-row\"><div class=\"gs-star-value\"><span class=\"gs_ranking_label_rate\" style=\"color: #583e31\">2<\/span><span style=\"color: #583e31\"><\/span><span class=\"dashicons gs_dashicon_ranking_star dashicons-star-filled\" style=\"color: #f19200\"><\/span><\/div><div class=\"progress gs_progressbar\"><div class=\"gs-custom-progress-bar pbar-2 bg-success\" role=\"progressbar\"\n                    style=\"border-color:#f19200; width: 0%\" aria-valuenow=\"0\" aria-valuemin=\"0\"\n                    aria-valuemax=\"100\"><\/div><\/div><span class=\"gs-rating-hit\" style=\"color: #583e31\">1 review<\/span><\/div><\/li><li style=\"margin-left:0;\"><div class=\"gs-rating-row\"><div class=\"gs-star-value\"><span class=\"gs_ranking_label_rate\" style=\"color: #583e31\">1<\/span><span style=\"color: #583e31\"><\/span><span class=\"dashicons gs_dashicon_ranking_star dashicons-star-filled\" style=\"color: #f19200\"><\/span><\/div><div class=\"progress gs_progressbar\"><div class=\"gs-custom-progress-bar pbar-1 bg-success\" role=\"progressbar\"\n                    style=\"border-color:#f19200; width: 0%\" aria-valuenow=\"0\" aria-valuemin=\"0\"\n                    aria-valuemax=\"100\"><\/div><\/div><span class=\"gs-rating-hit\" style=\"color: #583e31\">1 review<\/span><\/div><\/li><li style=\"margin-left:0;\"><div class=\"gs-rating-row\"><div class=\"gs-star-value\"><span class=\"gs_ranking_label_rate\" style=\"color: #583e31\">0<\/span><span style=\"color: #583e31\"><\/span><span class=\"dashicons gs_dashicon_ranking_star dashicons-star-filled\" style=\"color: #f19200\"><\/span><\/div><div class=\"progress gs_progressbar\"><div class=\"gs-custom-progress-bar pbar-0 bg-success\" role=\"progressbar\"\n                    style=\"border-color:transparent; width: 0%\" aria-valuenow=\"0\" aria-valuemin=\"0\"\n                    aria-valuemax=\"100\"><\/div><\/div><span class=\"gs-rating-hit\" style=\"color: #583e31\">0 review<\/span><\/div><\/li>\n                            <\/ul>\n                        <\/div>\n                    <\/div>\n                <\/div>\n            <\/div>\n           \n            <div class=\"gs-row\" style=\"margin-top:30px;\">\n                <div class=\"gs-col-md-12\">\n                    <div class=\"gs-footer\">\n                        <a href=\"https:\/\/www.guest-suite.com\/\" target=\"_blank\" class=\"gs-footer-link\">\n                            <span style=\"color:#583e31\">Powered by customer reviews solution\n                            <img decoding=\"async\" src=\"https:\/\/www.lesaillos.eu\/wp-content\/plugins\/guestapp\/assets\/images\/gs-logo.png\" alt=\"Guest Suite logo\" class=\"gs_badge_footer_logo\" \/>\n                            <\/span><div class=\"gs_clear\"><\/div>\n                        <\/a>\n                    <\/div>\n                    <div class=\"gs-afnor\">\n                        <p style=\"color:#583e31\">All customer reviews for My establishment are managed by Guest Suite certified \u201cNF Review management service, for the collection service, moderation service and publication service\u201d by AFNOR Certification<\/p>\n                    <\/div>\n                <\/div>\n            <\/div>\n        \n        <\/div>\n    <\/div><\/div><div class=\"gs-crs-column gs-crs-column-70\"><div class=\"gs-crs-reviews\"><div class=\"gs_reviews_list_wrapper\"><ul id=\"gs-reviews-list\"><li class=\"gs-review-item\" style=\"margin-left:0; margin-top:0; background:#ffffff; border: 1px solid #dedede; border-radius: 8px;\"><div class=\"gs-review-header\"><strong style=\"color:#583e31\" class=\"gs-review-username\">Claude GILARDI<\/strong><span style=\"color:#583e31\" class=\"gs-review-date\">24 \/ 10 \/ 25<\/span><\/div><div class=\"gs-review-rating\"><span style=\"color:#f19200\" class=\"review-rate\"><div class=\"gs-stars\"><div class=\"gs-star-rating\"><span class=\"screen-reader-text\">4.0 rating based on 8 rating<\/span><div class=\"star star-full\" style=\"color:#f19200;\" aria-hidden=\"true\"><\/div><div class=\"star star-full\" style=\"color:#f19200;\" aria-hidden=\"true\"><\/div><div class=\"star star-full\" style=\"color:#f19200;\" aria-hidden=\"true\"><\/div><div class=\"star star-full\" style=\"color:#f19200;\" aria-hidden=\"true\"><\/div><div class=\"star star-empty\" style=\"color:#f19200;\" aria-hidden=\"true\"><\/div><\/div><\/div><\/span><\/div><p class=\"gs-review-comment\"><span style=\"color:#583e31\" class=\"short-comment\">Troisi\u00e8me s\u00e9jour, parfait \ud83d\udc4d\ud83d\ude04<\/span><\/p><div class=\"gs-review-footer\"><div class=\"gs-review-buttons\"><a href=\"https:\/\/widget.guest-suite.com\/reviews\/d42b6966-f1e5-4048-9232-93c548b90206\/warn\" target=\"_blank\" class=\"gs-review-button signaler\"><span class=\"dashicons dashicons-flag\"><\/span> Report<\/a><\/div><span style=\"color:#583e31\" class=\"gs-review-experience-date\">Experience date 22\/09\/25<br\/><i>Camping Les Aillos<\/i><\/span><\/div><\/li><li class=\"gs-review-item\" style=\"margin-left:0; margin-top:0; background:#ffffff; border: 1px solid #dedede; border-radius: 8px;\"><div class=\"gs-review-header\"><strong style=\"color:#583e31\" class=\"gs-review-username\">Laurent Solvignon<\/strong><span style=\"color:#583e31\" class=\"gs-review-date\">25 \/ 09 \/ 25<\/span><\/div><div class=\"gs-review-rating\"><span style=\"color:#f19200\" class=\"review-rate\"><div class=\"gs-stars\"><div class=\"gs-star-rating\"><span class=\"screen-reader-text\">5.0 rating based on 10 rating<\/span><div class=\"star star-full\" style=\"color:#f19200;\" aria-hidden=\"true\"><\/div><div class=\"star star-full\" style=\"color:#f19200;\" aria-hidden=\"true\"><\/div><div class=\"star star-full\" style=\"color:#f19200;\" aria-hidden=\"true\"><\/div><div class=\"star star-full\" style=\"color:#f19200;\" aria-hidden=\"true\"><\/div><div class=\"star star-full\" style=\"color:#f19200;\" aria-hidden=\"true\"><\/div><\/div><\/div><\/span><\/div><p class=\"gs-review-comment\"><span style=\"color:#583e31\" class=\"short-comment\">Camping tr\u00e8s bien entretenu. Xavier et Betty sont avenants envers leurs campeurs. <\/span><\/p><div class=\"gs-review-footer\"><div class=\"gs-review-buttons\"><a href=\"https:\/\/widget.guest-suite.com\/reviews\/ce7ea054-67c3-4b89-9e7b-ea5a2fed3afb\/warn\" target=\"_blank\" class=\"gs-review-button signaler\"><span class=\"dashicons dashicons-flag\"><\/span> Report<\/a><\/div><span style=\"color:#583e31\" class=\"gs-review-experience-date\">Experience date 18\/09\/25<br\/><i>Camping Les Aillos<\/i><\/span><\/div><\/li><li class=\"gs-review-item\" style=\"margin-left:0; margin-top:0; background:#ffffff; border: 1px solid #dedede; border-radius: 8px;\"><div class=\"gs-review-header\"><strong style=\"color:#583e31\" class=\"gs-review-username\">Pierre LAGARDERE<\/strong><span style=\"color:#583e31\" class=\"gs-review-date\">15 \/ 09 \/ 25<\/span><\/div><div class=\"gs-review-rating\"><span style=\"color:#f19200\" class=\"review-rate\"><div class=\"gs-stars\"><div class=\"gs-star-rating\"><span class=\"screen-reader-text\">2.5 rating based on 5 rating<\/span><div class=\"star star-full\" style=\"color:#f19200;\" aria-hidden=\"true\"><\/div><div class=\"star star-full\" style=\"color:#f19200;\" aria-hidden=\"true\"><\/div><div class=\"star star-half\" style=\"color:#f19200;\" aria-hidden=\"true\"><\/div><div class=\"star star-empty\" style=\"color:#f19200;\" aria-hidden=\"true\"><\/div><div class=\"star star-empty\" style=\"color:#f19200;\" aria-hidden=\"true\"><\/div><\/div><\/div><\/span><\/div><p class=\"gs-review-comment\"><span style=\"color:#583e31\" class=\"short-comment\">Vu le temps, j&#039;ai annul\u00e9 mon s\u00e9jour , en revanche acceuil compr\u00e9hensif et bienveillant  .<\/span><\/p><div class=\"gs-review-footer\"><div class=\"gs-review-buttons\"><a href=\"https:\/\/widget.guest-suite.com\/reviews\/57703038-4ea0-46c5-80fd-61605f2b193f\/warn\" target=\"_blank\" class=\"gs-review-button signaler\"><span class=\"dashicons dashicons-flag\"><\/span> Report<\/a><\/div><span style=\"color:#583e31\" class=\"gs-review-experience-date\">Experience date 12\/09\/25<br\/><i>Camping Les Aillos<\/i><\/span><\/div><\/li><\/ul><\/div><div class=\"gs-reviews-pagination\"><span class=\"current\" style=\"background:#f19200\">1<\/span><a href=\"#\" class=\"gs-reviews-page-link\" data-page=\"2\">2<\/a><a href=\"#\" class=\"gs-reviews-page-link\" data-page=\"3\">3<\/a><a href=\"#\" class=\"gs-reviews-page-link\" data-page=\"104\">Last &raquo;<\/a><\/div><\/div><\/div><\/div>\n\n\n\n<div style=\"height:50px\" aria-hidden=\"true\" class=\"wp-block-spacer\"><\/div>\n\n\n<div class=\"wp-block-image\">\n<figure class=\"aligncenter size-full\"><a href=\"https:\/\/campingqualite.com\/campings\/camping-naturiste-les-aillos\/\" target=\"_blank\" rel=\" noreferrer noopener\"><img decoding=\"async\" width=\"500\" height=\"208\" src=\"https:\/\/www.lesaillos.eu\/wp-content\/uploads\/2025\/10\/camping-qualite-les-aillos.png\" alt=\"camping qualite les aillos\" class=\"wp-image-6931\" srcset=\"https:\/\/www.lesaillos.eu\/wp-content\/uploads\/2025\/10\/camping-qualite-les-aillos.png 500w, https:\/\/www.lesaillos.eu\/wp-content\/uploads\/2025\/10\/camping-qualite-les-aillos-300x125.png 300w\" sizes=\"(max-width: 500px) 100vw, 500px\" \/><\/a><\/figure>\n<\/div>\n\r\n    <\/div>\r\n<\/section>","protected":false},"excerpt":{"rendered":"","protected":false},"author":1,"featured_media":0,"parent":0,"menu_order":0,"comment_status":"closed","ping_status":"closed","template":"","meta":{"_acf_changed":false,"footnotes":""},"sujet":[],"class_list":["post-6951","page","type-page","status-publish","hentry"],"acf":[],"yoast_head":"<!-- This site is optimized with the Yoast SEO plugin v26.1.1 - https:\/\/yoast.com\/wordpress\/plugins\/seo\/ -->\n<title>Reviews - Camping Les Aillos<\/title>\n<meta name=\"robots\" content=\"noindex, nofollow\" \/>\n<meta property=\"og:locale\" content=\"en_US\" \/>\n<meta property=\"og:type\" content=\"article\" \/>\n<meta property=\"og:title\" content=\"Reviews - Camping Les Aillos\" \/>\n<meta property=\"og:url\" content=\"https:\/\/www.lesaillos.eu\/en\/reviews\/\" \/>\n<meta property=\"og:site_name\" content=\"Camping Les Aillos\" \/>\n<meta property=\"article:modified_time\" content=\"2025-10-09T08:07:56+00:00\" \/>\n<meta property=\"og:image\" content=\"https:\/\/www.lesaillos.eu\/wp-content\/uploads\/2025\/10\/camping-qualite-les-aillos.png\" \/>\n<meta name=\"twitter:card\" content=\"summary_large_image\" \/>\n<script type=\"application\/ld+json\" class=\"yoast-schema-graph\">{\"@context\":\"https:\/\/schema.org\",\"@graph\":[{\"@type\":\"WebPage\",\"@id\":\"https:\/\/www.lesaillos.eu\/en\/reviews\/\",\"url\":\"https:\/\/www.lesaillos.eu\/en\/reviews\/\",\"name\":\"Reviews - Camping Les Aillos\",\"isPartOf\":{\"@id\":\"https:\/\/www.lesaillos.eu\/en\/#website\"},\"primaryImageOfPage\":{\"@id\":\"https:\/\/www.lesaillos.eu\/en\/reviews\/#primaryimage\"},\"image\":{\"@id\":\"https:\/\/www.lesaillos.eu\/en\/reviews\/#primaryimage\"},\"thumbnailUrl\":\"https:\/\/www.lesaillos.eu\/wp-content\/uploads\/2025\/10\/camping-qualite-les-aillos.png\",\"datePublished\":\"2025-09-25T14:21:02+00:00\",\"dateModified\":\"2025-10-09T08:07:56+00:00\",\"breadcrumb\":{\"@id\":\"https:\/\/www.lesaillos.eu\/en\/reviews\/#breadcrumb\"},\"inLanguage\":\"en-US\",\"potentialAction\":[{\"@type\":\"ReadAction\",\"target\":[\"https:\/\/www.lesaillos.eu\/en\/reviews\/\"]}]},{\"@type\":\"ImageObject\",\"inLanguage\":\"en-US\",\"@id\":\"https:\/\/www.lesaillos.eu\/en\/reviews\/#primaryimage\",\"url\":\"https:\/\/www.lesaillos.eu\/wp-content\/uploads\/2025\/10\/camping-qualite-les-aillos.png\",\"contentUrl\":\"https:\/\/www.lesaillos.eu\/wp-content\/uploads\/2025\/10\/camping-qualite-les-aillos.png\"},{\"@type\":\"BreadcrumbList\",\"@id\":\"https:\/\/www.lesaillos.eu\/en\/reviews\/#breadcrumb\",\"itemListElement\":[{\"@type\":\"ListItem\",\"position\":1,\"name\":\"Naturist holidays in Toulouse\",\"item\":\"https:\/\/www.lesaillos.eu\/en\/\"},{\"@type\":\"ListItem\",\"position\":2,\"name\":\"Reviews\"}]},{\"@type\":\"WebSite\",\"@id\":\"https:\/\/www.lesaillos.eu\/en\/#website\",\"url\":\"https:\/\/www.lesaillos.eu\/en\/\",\"name\":\"Camping Les Aillos\",\"description\":\"\",\"publisher\":{\"@id\":\"https:\/\/www.lesaillos.eu\/en\/#organization\"},\"potentialAction\":[{\"@type\":\"SearchAction\",\"target\":{\"@type\":\"EntryPoint\",\"urlTemplate\":\"https:\/\/www.lesaillos.eu\/en\/?s={search_term_string}\"},\"query-input\":{\"@type\":\"PropertyValueSpecification\",\"valueRequired\":true,\"valueName\":\"search_term_string\"}}],\"inLanguage\":\"en-US\"},{\"@type\":\"Organization\",\"@id\":\"https:\/\/www.lesaillos.eu\/en\/#organization\",\"name\":\"Camping Les Aillos\",\"url\":\"https:\/\/www.lesaillos.eu\/en\/\",\"logo\":{\"@type\":\"ImageObject\",\"inLanguage\":\"en-US\",\"@id\":\"https:\/\/www.lesaillos.eu\/en\/#\/schema\/logo\/image\/\",\"url\":\"https:\/\/www.lesaillos.eu\/wp-content\/uploads\/2025\/05\/logo-camping-les-aillos.png\",\"contentUrl\":\"https:\/\/www.lesaillos.eu\/wp-content\/uploads\/2025\/05\/logo-camping-les-aillos.png\",\"width\":517,\"height\":267,\"caption\":\"Camping Les Aillos\"},\"image\":{\"@id\":\"https:\/\/www.lesaillos.eu\/en\/#\/schema\/logo\/image\/\"}}]}<\/script>\n<!-- \/ Yoast SEO plugin. -->","yoast_head_json":{"title":"Reviews - Camping Les Aillos","robots":{"index":"noindex","follow":"nofollow"},"og_locale":"en_US","og_type":"article","og_title":"Reviews - Camping Les Aillos","og_url":"https:\/\/www.lesaillos.eu\/en\/reviews\/","og_site_name":"Camping Les Aillos","article_modified_time":"2025-10-09T08:07:56+00:00","og_image":[{"url":"https:\/\/www.lesaillos.eu\/wp-content\/uploads\/2025\/10\/camping-qualite-les-aillos.png","type":"","width":"","height":""}],"twitter_card":"summary_large_image","schema":{"@context":"https:\/\/schema.org","@graph":[{"@type":"WebPage","@id":"https:\/\/www.lesaillos.eu\/en\/reviews\/","url":"https:\/\/www.lesaillos.eu\/en\/reviews\/","name":"Reviews - Camping Les Aillos","isPartOf":{"@id":"https:\/\/www.lesaillos.eu\/en\/#website"},"primaryImageOfPage":{"@id":"https:\/\/www.lesaillos.eu\/en\/reviews\/#primaryimage"},"image":{"@id":"https:\/\/www.lesaillos.eu\/en\/reviews\/#primaryimage"},"thumbnailUrl":"https:\/\/www.lesaillos.eu\/wp-content\/uploads\/2025\/10\/camping-qualite-les-aillos.png","datePublished":"2025-09-25T14:21:02+00:00","dateModified":"2025-10-09T08:07:56+00:00","breadcrumb":{"@id":"https:\/\/www.lesaillos.eu\/en\/reviews\/#breadcrumb"},"inLanguage":"en-US","potentialAction":[{"@type":"ReadAction","target":["https:\/\/www.lesaillos.eu\/en\/reviews\/"]}]},{"@type":"ImageObject","inLanguage":"en-US","@id":"https:\/\/www.lesaillos.eu\/en\/reviews\/#primaryimage","url":"https:\/\/www.lesaillos.eu\/wp-content\/uploads\/2025\/10\/camping-qualite-les-aillos.png","contentUrl":"https:\/\/www.lesaillos.eu\/wp-content\/uploads\/2025\/10\/camping-qualite-les-aillos.png"},{"@type":"BreadcrumbList","@id":"https:\/\/www.lesaillos.eu\/en\/reviews\/#breadcrumb","itemListElement":[{"@type":"ListItem","position":1,"name":"Naturist holidays in Toulouse","item":"https:\/\/www.lesaillos.eu\/en\/"},{"@type":"ListItem","position":2,"name":"Reviews"}]},{"@type":"WebSite","@id":"https:\/\/www.lesaillos.eu\/en\/#website","url":"https:\/\/www.lesaillos.eu\/en\/","name":"Camping Les Aillos","description":"","publisher":{"@id":"https:\/\/www.lesaillos.eu\/en\/#organization"},"potentialAction":[{"@type":"SearchAction","target":{"@type":"EntryPoint","urlTemplate":"https:\/\/www.lesaillos.eu\/en\/?s={search_term_string}"},"query-input":{"@type":"PropertyValueSpecification","valueRequired":true,"valueName":"search_term_string"}}],"inLanguage":"en-US"},{"@type":"Organization","@id":"https:\/\/www.lesaillos.eu\/en\/#organization","name":"Camping Les Aillos","url":"https:\/\/www.lesaillos.eu\/en\/","logo":{"@type":"ImageObject","inLanguage":"en-US","@id":"https:\/\/www.lesaillos.eu\/en\/#\/schema\/logo\/image\/","url":"https:\/\/www.lesaillos.eu\/wp-content\/uploads\/2025\/05\/logo-camping-les-aillos.png","contentUrl":"https:\/\/www.lesaillos.eu\/wp-content\/uploads\/2025\/05\/logo-camping-les-aillos.png","width":517,"height":267,"caption":"Camping Les Aillos"},"image":{"@id":"https:\/\/www.lesaillos.eu\/en\/#\/schema\/logo\/image\/"}}]}},"_links":{"self":[{"href":"https:\/\/www.lesaillos.eu\/en\/wp-json\/wp\/v2\/pages\/6951","targetHints":{"allow":["GET"]}}],"collection":[{"href":"https:\/\/www.lesaillos.eu\/en\/wp-json\/wp\/v2\/pages"}],"about":[{"href":"https:\/\/www.lesaillos.eu\/en\/wp-json\/wp\/v2\/types\/page"}],"author":[{"embeddable":true,"href":"https:\/\/www.lesaillos.eu\/en\/wp-json\/wp\/v2\/users\/1"}],"replies":[{"embeddable":true,"href":"https:\/\/www.lesaillos.eu\/en\/wp-json\/wp\/v2\/comments?post=6951"}],"version-history":[{"count":1,"href":"https:\/\/www.lesaillos.eu\/en\/wp-json\/wp\/v2\/pages\/6951\/revisions"}],"predecessor-version":[{"id":6952,"href":"https:\/\/www.lesaillos.eu\/en\/wp-json\/wp\/v2\/pages\/6951\/revisions\/6952"}],"wp:attachment":[{"href":"https:\/\/www.lesaillos.eu\/en\/wp-json\/wp\/v2\/media?parent=6951"}],"wp:term":[{"taxonomy":"sujet","embeddable":true,"href":"https:\/\/www.lesaillos.eu\/en\/wp-json\/wp\/v2\/sujet?post=6951"}],"curies":[{"name":"wp","href":"https:\/\/api.w.org\/{rel}","templated":true}]}}