{"id":2100,"date":"2025-05-15T09:28:52","date_gmt":"2025-05-15T07:28:52","guid":{"rendered":"https:\/\/www.lesaillos.eu\/camping-esprit-naturiste-caraman\/"},"modified":"2025-09-25T12:11:27","modified_gmt":"2025-09-25T10:11:27","slug":"naturism-spirit-caraman","status":"publish","type":"page","link":"https:\/\/www.lesaillos.eu\/en\/naturism-spirit-caraman\/","title":{"rendered":"The naturism spirit"},"content":{"rendered":"<section id=\"ls-section-block_245f6c62d171309d1de1bf6340537188\" class=\"ls-section  page-titre\" >\r\n        <div class=\"container container--wide\">\r\n        \n\n<h1 class=\"ls__heading wp-block-heading has-text-align-center has-color-3-color has-text-color has-link-color wp-elements-0705d7c451fc72f2d69573df064f723d\"><strong>The spirit of naturism<\/strong> <br\/>at our campsite in Occitanie<\/h1>\n\n\n\n<div class=\"illustration-tournesol\"> <i class=\"aillos-ligne-petite\"><\/i> <i class=\"aillos-tournesol\"><\/i> <i class=\"aillos-ligne-petite\"><\/i> <\/div>\n\n\r\n    <\/div>\r\n<\/section><section id=\"ls-section-block_7da6bd0df0bb286c1adf4094f055a115\" class=\"ls-section  home-sixth page-one\" >\r\n        <div class=\"container container--full\">\r\n        \n\n<div class=\"wp-block-columns first is-layout-flex wp-container-core-columns-is-layout-9d6595d7 wp-block-columns-is-layout-flex\">\n<div class=\"wp-block-column text is-layout-flow wp-block-column-is-layout-flow\" style=\"flex-basis:52.5%\">\n<h2 class=\"ls__heading wp-block-heading has-color-3-color has-text-color has-link-color wp-elements-9f847fd2a7e1dc31f21a4c925d94f05c\"><strong>Experience naturism in total freedom<\/strong> <br\/>and discretion at our campsite<\/h2>\n\n\n\n<p class=\"ls-paragraph\">At our naturist campsite near Toulouse, your stay is lived with <strong>simplicity<\/strong>, <strong>respect <\/strong>and <strong>kindness<\/strong>. Nestled in a peaceful natural setting, our campsite is the ideal place to enjoy the benefits of naturism, far from the hustle and bustle and the gaze of others. Here, you&#8217;re free to be yourself, in complete tranquillity, in an unspoilt environment conducive to <strong>rejuvenation<\/strong>.  <\/p>\n\n\n\n<p class=\"ls-paragraph\">We welcome family naturist customers, committed to the values of self-respect, respect for others and respect for nature. The campsite is for those looking for a friendly, serene, well-kept vacation destination, where everyone can experience naturism with discretion and authenticity. <\/p>\n<\/div>\n\n\n\n<div class=\"wp-block-column is-layout-flow wp-block-column-is-layout-flow\" style=\"flex-basis:47.5%\">\n<figure class=\"wp-block-gallery has-nested-images columns-default is-cropped wp-block-gallery-1 is-layout-flex wp-block-gallery-is-layout-flex\">\n<figure class=\"wp-block-image size-full\"><img decoding=\"async\" width=\"829\" height=\"620\" data-id=\"1844\" src=\"https:\/\/www.lesaillos.eu\/wp-content\/uploads\/2025\/06\/vivez-le-naturisme-en-toute-liberte-et-discretion-dans-notre-camping.jpg\" alt=\"experience naturism in complete freedom and discretion at our campsite\" class=\"wp-image-1844\" srcset=\"https:\/\/www.lesaillos.eu\/wp-content\/uploads\/2025\/06\/vivez-le-naturisme-en-toute-liberte-et-discretion-dans-notre-camping.jpg 829w, https:\/\/www.lesaillos.eu\/wp-content\/uploads\/2025\/06\/vivez-le-naturisme-en-toute-liberte-et-discretion-dans-notre-camping-300x224.jpg 300w, https:\/\/www.lesaillos.eu\/wp-content\/uploads\/2025\/06\/vivez-le-naturisme-en-toute-liberte-et-discretion-dans-notre-camping-768x574.jpg 768w\" sizes=\"(max-width: 829px) 100vw, 829px\" \/><\/figure>\n\n\n\n<figure class=\"wp-block-image size-full\"><img decoding=\"async\" width=\"829\" height=\"620\" data-id=\"1847\" src=\"https:\/\/www.lesaillos.eu\/wp-content\/uploads\/2025\/06\/clientele-naturiste-familiale.jpg\" alt=\"family naturist clientele\" class=\"wp-image-1847\" srcset=\"https:\/\/www.lesaillos.eu\/wp-content\/uploads\/2025\/06\/clientele-naturiste-familiale.jpg 829w, https:\/\/www.lesaillos.eu\/wp-content\/uploads\/2025\/06\/clientele-naturiste-familiale-300x224.jpg 300w, https:\/\/www.lesaillos.eu\/wp-content\/uploads\/2025\/06\/clientele-naturiste-familiale-768x574.jpg 768w\" sizes=\"(max-width: 829px) 100vw, 829px\" \/><\/figure>\n\n\n\n<figure class=\"wp-block-image size-full\"><img decoding=\"async\" width=\"829\" height=\"620\" data-id=\"1850\" src=\"https:\/\/www.lesaillos.eu\/wp-content\/uploads\/2025\/06\/l-esprit-du-naturisme-dans-notre-camping-en-occitanie.jpg\" alt=\"the spirit of naturism at our campsite in occitania\" class=\"wp-image-1850\" srcset=\"https:\/\/www.lesaillos.eu\/wp-content\/uploads\/2025\/06\/l-esprit-du-naturisme-dans-notre-camping-en-occitanie.jpg 829w, https:\/\/www.lesaillos.eu\/wp-content\/uploads\/2025\/06\/l-esprit-du-naturisme-dans-notre-camping-en-occitanie-300x224.jpg 300w, https:\/\/www.lesaillos.eu\/wp-content\/uploads\/2025\/06\/l-esprit-du-naturisme-dans-notre-camping-en-occitanie-768x574.jpg 768w\" sizes=\"(max-width: 829px) 100vw, 829px\" \/><\/figure>\n<\/figure>\n<\/div>\n<\/div>\n\n\r\n    <\/div>\r\n<\/section><section id=\"ls-section-block_366f7b5ecbfb5608cb7dd9598a968a04\" class=\"ls-section  home-third page-two\" >\r\n        <div class=\"container container--full\">\r\n        \n\n<div class=\"wp-block-columns wp-block-columns__text is-layout-flex wp-container-core-columns-is-layout-9d6595d7 wp-block-columns-is-layout-flex\">\n<div class=\"wp-block-column is-layout-flow wp-block-column-is-layout-flow\">\n<div class=\"illustration-tournesol\"> <i class=\"aillos-ligne-petite\"><\/i> <i class=\"aillos-tournesol\"><\/i> <i class=\"aillos-ligne-petite\"><\/i> <\/div>\n\n\n\n<h2 class=\"ls__heading wp-block-heading has-text-align-center has-color-3-color has-text-color has-link-color wp-elements-a2810214a874fcf2e913def19594e91c\">Our charter of good naturist practices <br\/>near Toulouse<\/h2>\n\n\n\n<p class=\"ls-paragraph has-text-align-center\">The naturist spirit is also a shared way of life. Les Aillos adheres to the principles of the <strong>F\u00e9d\u00e9ration Fran\u00e7aise de Naturisme (FFN<\/strong> ) and respects its charter. The charter sets out a few simple but essential rules to ensure a harmonious atmosphere: hygiene, respect for nudity in the communal areas of our campsite, tolerance and the absence of inappropriate behavior.  <\/p>\n\n\n\n<p class=\"ls-paragraph has-text-align-center\">A copy of this charter is available for consultation at the reception desk of our <a href=\"https:\/\/www.lesaillos.eu\/en\/\">naturist campsite in Occitania<\/a>, and we remain at your disposal should you have any questions. It&#8217;s here to provide a reassuring framework, while encouraging freedom of being. <\/p>\n<\/div>\n<\/div>\n\n\r\n    <\/div>\r\n<\/section><section id=\"ls-section-block_ce32ecd973764f0a24645e807b15b11f\" class=\"ls-section  home-sixth page-one has-background has-color-5-background-color\" >\r\n        <div class=\"container container--full\">\r\n        \n\n<div class=\"wp-block-columns first is-layout-flex wp-container-core-columns-is-layout-9d6595d7 wp-block-columns-is-layout-flex\">\n<div class=\"wp-block-column is-layout-flow wp-block-column-is-layout-flow\" style=\"flex-basis:47.5%\">\n<figure class=\"wp-block-gallery has-nested-images columns-default is-cropped wp-block-gallery-2 is-layout-flex wp-block-gallery-is-layout-flex\">\n<figure class=\"wp-block-image size-full\"><img decoding=\"async\" width=\"829\" height=\"620\" data-id=\"1853\" src=\"https:\/\/www.lesaillos.eu\/wp-content\/uploads\/2025\/06\/naturisme-tv.jpg\" alt=\"naturisme tv\" class=\"wp-image-1853\" srcset=\"https:\/\/www.lesaillos.eu\/wp-content\/uploads\/2025\/06\/naturisme-tv.jpg 829w, https:\/\/www.lesaillos.eu\/wp-content\/uploads\/2025\/06\/naturisme-tv-300x224.jpg 300w, https:\/\/www.lesaillos.eu\/wp-content\/uploads\/2025\/06\/naturisme-tv-768x574.jpg 768w\" sizes=\"(max-width: 829px) 100vw, 829px\" \/><\/figure>\n\n\n\n<figure class=\"wp-block-image size-full\"><img decoding=\"async\" width=\"829\" height=\"620\" data-id=\"1856\" src=\"https:\/\/www.lesaillos.eu\/wp-content\/uploads\/2025\/06\/partenaires-et-associations-du-camping-naturiste.jpg\" alt=\"naturist campsite partners and associations\" class=\"wp-image-1856\" srcset=\"https:\/\/www.lesaillos.eu\/wp-content\/uploads\/2025\/06\/partenaires-et-associations-du-camping-naturiste.jpg 829w, https:\/\/www.lesaillos.eu\/wp-content\/uploads\/2025\/06\/partenaires-et-associations-du-camping-naturiste-300x224.jpg 300w, https:\/\/www.lesaillos.eu\/wp-content\/uploads\/2025\/06\/partenaires-et-associations-du-camping-naturiste-768x574.jpg 768w\" sizes=\"(max-width: 829px) 100vw, 829px\" \/><\/figure>\n<\/figure>\n<\/div>\n\n\n\n<div class=\"wp-block-column text is-layout-flow wp-block-column-is-layout-flow\" style=\"flex-basis:52.5%\">\n<h2 class=\"ls__heading wp-block-heading has-color-3-color has-text-color has-link-color wp-elements-dff01c18c6752832cbe8cf5738fad750\">Partners and associations <br\/>naturist camping<\/h2>\n\n\n\n<p class=\"ls-paragraph\">We&#8217;re an active member of the <a href=\"https:\/\/www.ffn2025.ffn-naturisme.com\/\" target=\"_blank\" rel=\"noreferrer noopener\">F\u00e9d\u00e9ration Fran\u00e7aise de Naturisme<\/a>, and our campsite is also listed on <a href=\"https:\/\/www.naturisme.fr\/\" target=\"_blank\" rel=\"noreferrer noopener\">Naturisme.fr<\/a>, the reference site for naturist vacations in France. You can also discover our values in pictures thanks to <strong>Naturisme TV<\/strong>, which shares reports and testimonials from holidaymakers. <\/p>\n\n\n\n<p class=\"ls-paragraph\">These partnerships reinforce our commitment to offering you a quality naturist holiday in a healthy, warm and authentic setting at our naturist campsite near Toulouse.<\/p>\n<\/div>\n<\/div>\n\n\r\n    <\/div>\r\n<\/section><section id=\"ls-section-block_dcad1c2629c2a4b96ddcdbad4e95e30d\" class=\"ls-section  page-cta\" >\r\n        <div class=\"container container--wide\">\r\n        \n\n<div id=\"ls-heading ls-titre-div-block_30e43607cb346af234217e9414c1fb10\" class=\"ls-titre-div aligncenter h2-like has-text-color has-color-3-color\" >\n    Discover our naturist campsite<\/div>\n\n\n<div id=\"ls-maillage-block_600a51cc105d537861fbc8b0939dff51\" class=\"ls-maillage cta-style-normal\" data-rows=\"3\">\r\n    <div class=\"wp-block-columns\"><div class=\"wp-block-column\">\n\n<a href=\"https:\/\/www.lesaillos.eu\/en\/naturist-campsite-swimming-pool-toulouse\/\" target=\"\" rel=\"noopener\" class=\"ls-cta__link\" data-categ=\"\">\n\t<div class=\"ls-cta__image\"><img decoding=\"async\" src=\"https:\/\/www.lesaillos.eu\/wp-content\/uploads\/2025\/06\/camping-naturiste-piscine-chauffee-caraman-cta.jpg\" alt=\"naturist campsite heated pool caraman\"><\/div>\n\t<div class=\"ls-cta__title\">\n\t\t<span>\n\t\t\tThe swimming pool\t\t<\/span>\n\t\t<i class=\"aillos-colonne\"><\/i>\n\t<\/div>\n\n\t<\/a><\/div><div class=\"wp-block-column\">\n\n<a href=\"https:\/\/www.lesaillos.eu\/en\/naturist-campsite-activities-caraman\/\" target=\"\" rel=\"noopener\" class=\"ls-cta__link\" data-categ=\"\">\n\t<div class=\"ls-cta__image\"><img decoding=\"async\" src=\"https:\/\/www.lesaillos.eu\/wp-content\/uploads\/2025\/06\/braseo-camping-naturiste-les-aillos.jpg\" alt=\"braseo camping naturiste les aillos\"><\/div>\n\t<div class=\"ls-cta__title\">\n\t\t<span>\n\t\t\tActivities\t\t<\/span>\n\t\t<i class=\"aillos-colonne\"><\/i>\n\t<\/div>\n\n\t<\/a><\/div><div class=\"wp-block-column\">\n\n<a href=\"https:\/\/www.lesaillos.eu\/en\/family-naturist-campsite-caraman\/\" target=\"\" rel=\"noopener\" class=\"ls-cta__link\" data-categ=\"\">\n\t<div class=\"ls-cta__image\"><img decoding=\"async\" src=\"https:\/\/www.lesaillos.eu\/wp-content\/uploads\/2025\/10\/services-2.jpg\" alt=\"services 2\"><\/div>\n\t<div class=\"ls-cta__title\">\n\t\t<span>\n\t\t\tServices\t\t<\/span>\n\t\t<i class=\"aillos-colonne\"><\/i>\n\t<\/div>\n\n\t<\/a><\/div><\/div><\/div>\n\r\n    <\/div>\r\n<\/section>","protected":false},"excerpt":{"rendered":"","protected":false},"author":1,"featured_media":1839,"parent":0,"menu_order":0,"comment_status":"closed","ping_status":"closed","template":"","meta":{"_acf_changed":false,"footnotes":""},"sujet":[],"class_list":["post-2100","page","type-page","status-publish","has-post-thumbnail","hentry"],"acf":[],"yoast_head":"<!-- This site is optimized with the Yoast SEO plugin v26.1.1 - https:\/\/yoast.com\/wordpress\/plugins\/seo\/ -->\n<title>The naturist spirit of our campsite near Toulouse<\/title>\n<meta name=\"description\" content=\"Experience the naturist spirit at Les Aillos campsite in Caraman, near Toulouse: conviviality, respect for nature and relaxation in a green south-western setting for a serene vacation.\" \/>\n<meta name=\"robots\" content=\"index, follow, max-snippet:-1, max-image-preview:large, max-video-preview:-1\" \/>\n<link rel=\"canonical\" href=\"https:\/\/www.lesaillos.eu\/en\/naturism-spirit-caraman\/\" \/>\n<meta property=\"og:locale\" content=\"en_US\" \/>\n<meta property=\"og:type\" content=\"article\" \/>\n<meta property=\"og:title\" content=\"The naturist spirit of our campsite near Toulouse\" \/>\n<meta property=\"og:description\" content=\"Experience the naturist spirit at Les Aillos campsite in Caraman, near Toulouse: conviviality, respect for nature and relaxation in a green south-western setting for a serene vacation.\" \/>\n<meta property=\"og:url\" content=\"https:\/\/www.lesaillos.eu\/en\/naturism-spirit-caraman\/\" \/>\n<meta property=\"og:site_name\" content=\"Camping Les Aillos\" \/>\n<meta property=\"article:modified_time\" content=\"2025-09-25T10:11:27+00:00\" \/>\n<meta property=\"og:image\" content=\"https:\/\/www.lesaillos.eu\/wp-content\/uploads\/2025\/06\/camping-esprit-naturiste-caraman.jpg\" \/>\n\t<meta property=\"og:image:width\" content=\"1920\" \/>\n\t<meta property=\"og:image:height\" content=\"544\" \/>\n\t<meta property=\"og:image:type\" content=\"image\/jpeg\" \/>\n<meta name=\"twitter:card\" content=\"summary_large_image\" \/>\n<meta name=\"twitter:label1\" content=\"Est. reading time\" \/>\n\t<meta name=\"twitter:data1\" content=\"2 minutes\" \/>\n<script type=\"application\/ld+json\" class=\"yoast-schema-graph\">{\"@context\":\"https:\/\/schema.org\",\"@graph\":[{\"@type\":\"WebPage\",\"@id\":\"https:\/\/www.lesaillos.eu\/en\/naturism-spirit-caraman\/\",\"url\":\"https:\/\/www.lesaillos.eu\/en\/naturism-spirit-caraman\/\",\"name\":\"The naturist spirit of our campsite near Toulouse\",\"isPartOf\":{\"@id\":\"https:\/\/www.lesaillos.eu\/en\/#website\"},\"primaryImageOfPage\":{\"@id\":\"https:\/\/www.lesaillos.eu\/en\/naturism-spirit-caraman\/#primaryimage\"},\"image\":{\"@id\":\"https:\/\/www.lesaillos.eu\/en\/naturism-spirit-caraman\/#primaryimage\"},\"thumbnailUrl\":\"https:\/\/www.lesaillos.eu\/wp-content\/uploads\/2025\/06\/camping-esprit-naturiste-caraman.jpg\",\"datePublished\":\"2025-05-15T07:28:52+00:00\",\"dateModified\":\"2025-09-25T10:11:27+00:00\",\"description\":\"Experience the naturist spirit at Les Aillos campsite in Caraman, near Toulouse: conviviality, respect for nature and relaxation in a green south-western setting for a serene vacation.\",\"breadcrumb\":{\"@id\":\"https:\/\/www.lesaillos.eu\/en\/naturism-spirit-caraman\/#breadcrumb\"},\"inLanguage\":\"en-US\",\"potentialAction\":[{\"@type\":\"ReadAction\",\"target\":[\"https:\/\/www.lesaillos.eu\/en\/naturism-spirit-caraman\/\"]}]},{\"@type\":\"ImageObject\",\"inLanguage\":\"en-US\",\"@id\":\"https:\/\/www.lesaillos.eu\/en\/naturism-spirit-caraman\/#primaryimage\",\"url\":\"https:\/\/www.lesaillos.eu\/wp-content\/uploads\/2025\/06\/camping-esprit-naturiste-caraman.jpg\",\"contentUrl\":\"https:\/\/www.lesaillos.eu\/wp-content\/uploads\/2025\/06\/camping-esprit-naturiste-caraman.jpg\",\"width\":1920,\"height\":544,\"caption\":\"camping esprit naturiste caraman\"},{\"@type\":\"BreadcrumbList\",\"@id\":\"https:\/\/www.lesaillos.eu\/en\/naturism-spirit-caraman\/#breadcrumb\",\"itemListElement\":[{\"@type\":\"ListItem\",\"position\":1,\"name\":\"Naturist holidays in Toulouse\",\"item\":\"https:\/\/www.lesaillos.eu\/en\/\"},{\"@type\":\"ListItem\",\"position\":2,\"name\":\"Best practices and partners of our campsite near Toulouse\"}]},{\"@type\":\"WebSite\",\"@id\":\"https:\/\/www.lesaillos.eu\/en\/#website\",\"url\":\"https:\/\/www.lesaillos.eu\/en\/\",\"name\":\"Camping Les Aillos\",\"description\":\"\",\"publisher\":{\"@id\":\"https:\/\/www.lesaillos.eu\/en\/#organization\"},\"potentialAction\":[{\"@type\":\"SearchAction\",\"target\":{\"@type\":\"EntryPoint\",\"urlTemplate\":\"https:\/\/www.lesaillos.eu\/en\/?s={search_term_string}\"},\"query-input\":{\"@type\":\"PropertyValueSpecification\",\"valueRequired\":true,\"valueName\":\"search_term_string\"}}],\"inLanguage\":\"en-US\"},{\"@type\":\"Organization\",\"@id\":\"https:\/\/www.lesaillos.eu\/en\/#organization\",\"name\":\"Camping Les Aillos\",\"url\":\"https:\/\/www.lesaillos.eu\/en\/\",\"logo\":{\"@type\":\"ImageObject\",\"inLanguage\":\"en-US\",\"@id\":\"https:\/\/www.lesaillos.eu\/en\/#\/schema\/logo\/image\/\",\"url\":\"https:\/\/www.lesaillos.eu\/wp-content\/uploads\/2025\/05\/logo-camping-les-aillos.png\",\"contentUrl\":\"https:\/\/www.lesaillos.eu\/wp-content\/uploads\/2025\/05\/logo-camping-les-aillos.png\",\"width\":517,\"height\":267,\"caption\":\"Camping Les Aillos\"},\"image\":{\"@id\":\"https:\/\/www.lesaillos.eu\/en\/#\/schema\/logo\/image\/\"}}]}<\/script>\n<!-- \/ Yoast SEO plugin. -->","yoast_head_json":{"title":"The naturist spirit of our campsite near Toulouse","description":"Experience the naturist spirit at Les Aillos campsite in Caraman, near Toulouse: conviviality, respect for nature and relaxation in a green south-western setting for a serene vacation.","robots":{"index":"index","follow":"follow","max-snippet":"max-snippet:-1","max-image-preview":"max-image-preview:large","max-video-preview":"max-video-preview:-1"},"canonical":"https:\/\/www.lesaillos.eu\/en\/naturism-spirit-caraman\/","og_locale":"en_US","og_type":"article","og_title":"The naturist spirit of our campsite near Toulouse","og_description":"Experience the naturist spirit at Les Aillos campsite in Caraman, near Toulouse: conviviality, respect for nature and relaxation in a green south-western setting for a serene vacation.","og_url":"https:\/\/www.lesaillos.eu\/en\/naturism-spirit-caraman\/","og_site_name":"Camping Les Aillos","article_modified_time":"2025-09-25T10:11:27+00:00","og_image":[{"width":1920,"height":544,"url":"https:\/\/www.lesaillos.eu\/wp-content\/uploads\/2025\/06\/camping-esprit-naturiste-caraman.jpg","type":"image\/jpeg"}],"twitter_card":"summary_large_image","twitter_misc":{"Est. reading time":"2 minutes"},"schema":{"@context":"https:\/\/schema.org","@graph":[{"@type":"WebPage","@id":"https:\/\/www.lesaillos.eu\/en\/naturism-spirit-caraman\/","url":"https:\/\/www.lesaillos.eu\/en\/naturism-spirit-caraman\/","name":"The naturist spirit of our campsite near Toulouse","isPartOf":{"@id":"https:\/\/www.lesaillos.eu\/en\/#website"},"primaryImageOfPage":{"@id":"https:\/\/www.lesaillos.eu\/en\/naturism-spirit-caraman\/#primaryimage"},"image":{"@id":"https:\/\/www.lesaillos.eu\/en\/naturism-spirit-caraman\/#primaryimage"},"thumbnailUrl":"https:\/\/www.lesaillos.eu\/wp-content\/uploads\/2025\/06\/camping-esprit-naturiste-caraman.jpg","datePublished":"2025-05-15T07:28:52+00:00","dateModified":"2025-09-25T10:11:27+00:00","description":"Experience the naturist spirit at Les Aillos campsite in Caraman, near Toulouse: conviviality, respect for nature and relaxation in a green south-western setting for a serene vacation.","breadcrumb":{"@id":"https:\/\/www.lesaillos.eu\/en\/naturism-spirit-caraman\/#breadcrumb"},"inLanguage":"en-US","potentialAction":[{"@type":"ReadAction","target":["https:\/\/www.lesaillos.eu\/en\/naturism-spirit-caraman\/"]}]},{"@type":"ImageObject","inLanguage":"en-US","@id":"https:\/\/www.lesaillos.eu\/en\/naturism-spirit-caraman\/#primaryimage","url":"https:\/\/www.lesaillos.eu\/wp-content\/uploads\/2025\/06\/camping-esprit-naturiste-caraman.jpg","contentUrl":"https:\/\/www.lesaillos.eu\/wp-content\/uploads\/2025\/06\/camping-esprit-naturiste-caraman.jpg","width":1920,"height":544,"caption":"camping esprit naturiste caraman"},{"@type":"BreadcrumbList","@id":"https:\/\/www.lesaillos.eu\/en\/naturism-spirit-caraman\/#breadcrumb","itemListElement":[{"@type":"ListItem","position":1,"name":"Naturist holidays in Toulouse","item":"https:\/\/www.lesaillos.eu\/en\/"},{"@type":"ListItem","position":2,"name":"Best practices and partners of our campsite near Toulouse"}]},{"@type":"WebSite","@id":"https:\/\/www.lesaillos.eu\/en\/#website","url":"https:\/\/www.lesaillos.eu\/en\/","name":"Camping Les Aillos","description":"","publisher":{"@id":"https:\/\/www.lesaillos.eu\/en\/#organization"},"potentialAction":[{"@type":"SearchAction","target":{"@type":"EntryPoint","urlTemplate":"https:\/\/www.lesaillos.eu\/en\/?s={search_term_string}"},"query-input":{"@type":"PropertyValueSpecification","valueRequired":true,"valueName":"search_term_string"}}],"inLanguage":"en-US"},{"@type":"Organization","@id":"https:\/\/www.lesaillos.eu\/en\/#organization","name":"Camping Les Aillos","url":"https:\/\/www.lesaillos.eu\/en\/","logo":{"@type":"ImageObject","inLanguage":"en-US","@id":"https:\/\/www.lesaillos.eu\/en\/#\/schema\/logo\/image\/","url":"https:\/\/www.lesaillos.eu\/wp-content\/uploads\/2025\/05\/logo-camping-les-aillos.png","contentUrl":"https:\/\/www.lesaillos.eu\/wp-content\/uploads\/2025\/05\/logo-camping-les-aillos.png","width":517,"height":267,"caption":"Camping Les Aillos"},"image":{"@id":"https:\/\/www.lesaillos.eu\/en\/#\/schema\/logo\/image\/"}}]}},"_links":{"self":[{"href":"https:\/\/www.lesaillos.eu\/en\/wp-json\/wp\/v2\/pages\/2100","targetHints":{"allow":["GET"]}}],"collection":[{"href":"https:\/\/www.lesaillos.eu\/en\/wp-json\/wp\/v2\/pages"}],"about":[{"href":"https:\/\/www.lesaillos.eu\/en\/wp-json\/wp\/v2\/types\/page"}],"author":[{"embeddable":true,"href":"https:\/\/www.lesaillos.eu\/en\/wp-json\/wp\/v2\/users\/1"}],"replies":[{"embeddable":true,"href":"https:\/\/www.lesaillos.eu\/en\/wp-json\/wp\/v2\/comments?post=2100"}],"version-history":[{"count":3,"href":"https:\/\/www.lesaillos.eu\/en\/wp-json\/wp\/v2\/pages\/2100\/revisions"}],"predecessor-version":[{"id":2156,"href":"https:\/\/www.lesaillos.eu\/en\/wp-json\/wp\/v2\/pages\/2100\/revisions\/2156"}],"wp:featuredmedia":[{"embeddable":true,"href":"https:\/\/www.lesaillos.eu\/en\/wp-json\/wp\/v2\/media\/1839"}],"wp:attachment":[{"href":"https:\/\/www.lesaillos.eu\/en\/wp-json\/wp\/v2\/media?parent=2100"}],"wp:term":[{"taxonomy":"sujet","embeddable":true,"href":"https:\/\/www.lesaillos.eu\/en\/wp-json\/wp\/v2\/sujet?post=2100"}],"curies":[{"name":"wp","href":"https:\/\/api.w.org\/{rel}","templated":true}]}}